{"id":32,"date":"2023-07-11T09:14:49","date_gmt":"2023-07-11T09:14:49","guid":{"rendered":"https:\/\/huge-humayon-ae29g.zipwp.link\/?page_id=32"},"modified":"2024-03-06T15:16:18","modified_gmt":"2024-03-06T15:16:18","slug":"home","status":"publish","type":"page","link":"https:\/\/chauffage-moreau.be\/home\/","title":{"rendered":"Home"},"content":{"rendered":"\n<div class=\"wp-block-uagb-container uagb-block-6cc4f6e0 alignfull uagb-is-root-container\"><div class=\"uagb-container-inner-blocks-wrap\">\n<div class=\"wp-block-uagb-advanced-heading uagb-block-03aa94a7\"><h6 class=\"uagb-heading-text\">Bienvenue<\/h6><\/div>\n\n\n\n<div class=\"wp-block-uagb-info-box uagb-block-fd971502 uagb-infobox__content-wrap  uagb-infobox-icon-above-title uagb-infobox-image-valign-top\"><div class=\"uagb-ifb-content\"><div class=\"uagb-ifb-title-wrap\"><h1 class=\"uagb-ifb-title\">Chauffage Moreau &#8211; Solutions de Chauffage de Qualit\u00e9<\/h1><\/div><div class=\"uagb-ifb-button-wrapper wp-block-button\"><a href=\"\/contact\/\" class=\"uagb-infobox-cta-link wp-block-button__link\" target=\"_self\" rel=\"noopener noreferrer\" onclick=\"return true;\" alt=\"\"><span class=\"uagb-inline-editing\">D\u00e9couvrez plus<\/span><\/a><\/div><\/div><\/div>\n<\/div><\/div>\n\n\n\n<div class=\"wp-block-uagb-container uagb-block-8991fd1d alignfull uagb-is-root-container\"><div class=\"uagb-container-inner-blocks-wrap\">\n<div class=\"wp-block-uagb-container uagb-block-2408ceb5\">\n<div class=\"wp-block-uagb-advanced-heading uagb-block-1f1ddf81\"><h6 class=\"uagb-heading-text\">\u00c0 propos de nous<\/h6><\/div>\n\n\n\n<div class=\"wp-block-uagb-info-box uagb-block-fcdaf84b uagb-infobox__content-wrap  uagb-infobox-icon-above-title uagb-infobox-image-valign-top\"><div class=\"uagb-ifb-content\"><div class=\"uagb-ifb-title-wrap\"><h3 class=\"uagb-ifb-title\">\u00c0 Propos de Chauffage Moreau<\/h3><\/div><p class=\"uagb-ifb-desc\">Chauffage Moreau, leader des solutions de chauffage \u00e0 la Chauss\u00e9e de Tongre, 138 \u00e0 Amay, dirig\u00e9e par la quatri\u00e8me g\u00e9n\u00e9ration de Moreau. Sp\u00e9cialis\u00e9e dans le chauffage traditionnel et par le sol, avec une touche personnelle.<\/p><div class=\"uagb-ifb-button-wrapper wp-block-button\"><a href=\"\/about\/\" class=\"uagb-infobox-cta-link wp-block-button__link\" target=\"_self\" rel=\"noopener noreferrer\" onclick=\"return true;\" alt=\"\"><span class=\"uagb-inline-editing\">Lire la suite<\/span><\/a><\/div><\/div><\/div>\n\n\n\n<figure class=\"wp-block-video\"><video height=\"1080\" style=\"aspect-ratio: 1920 \/ 1080;\" width=\"1920\" controls src=\"https:\/\/chauffage-moreau.be\/wp-content\/uploads\/2024\/03\/Chauffage-Moreau.mp4\"><\/video><\/figure>\n<\/div>\n<\/div><\/div>\n\n\n\n<div class=\"wp-block-uagb-container uagb-block-e6e6d851 alignfull uagb-is-root-container\"><div class=\"uagb-container-inner-blocks-wrap\">\n<div class=\"wp-block-uagb-advanced-heading uagb-block-3b091333\"><h6 class=\"uagb-heading-text\">Nos valeurs<\/h6><\/div>\n\n\n\n<div class=\"wp-block-uagb-advanced-heading uagb-block-a6f1d4b3\"><h2 class=\"uagb-heading-text\">Nos Valeurs Fondamentales<\/h2><\/div>\n\n\n\n<div class=\"wp-block-uagb-container uagb-block-6b367eef\">\n<div class=\"wp-block-uagb-container uagb-block-5c5538b0\">\n<div class=\"wp-block-uagb-advanced-heading uagb-block-a473dcee\"><h6 class=\"uagb-heading-text\">01<\/h6><\/div>\n\n\n\n<div class=\"wp-block-uagb-advanced-heading uagb-block-bb9aad66\"><h4 class=\"uagb-heading-text\">Qualit\u00e9<\/h4><p class=\"uagb-desc-text\">Nous nous engageons \u00e0 fournir des services de chauffage haut de gamme, veillant toujours au confort de nos clients.<\/p><\/div>\n<\/div>\n\n\n\n<div class=\"wp-block-uagb-container uagb-block-ef05aae7\">\n<div class=\"wp-block-uagb-advanced-heading uagb-block-ffd68fa3\"><h6 class=\"uagb-heading-text\">02<\/h6><\/div>\n\n\n\n<div class=\"wp-block-uagb-advanced-heading uagb-block-c3cbe922\"><h4 class=\"uagb-heading-text\">Professionnalisme<\/h4><p class=\"uagb-desc-text\">Nos professionnels exp\u00e9riment\u00e9s assurent des installations et des services de chauffage de la plus haute qualit\u00e9.<\/p><\/div>\n<\/div>\n\n\n\n<div class=\"wp-block-uagb-container uagb-block-a6445071\">\n<div class=\"wp-block-uagb-advanced-heading uagb-block-578db1c2\"><h6 class=\"uagb-heading-text\">03<\/h6><\/div>\n\n\n\n<div class=\"wp-block-uagb-advanced-heading uagb-block-cf208b95\"><h4 class=\"uagb-heading-text\">Innovation<\/h4><p class=\"uagb-desc-text\">Nous proposons des solutions de chauffage modernes, telles que les pompes \u00e0 chaleur, la climatisation et les panneaux solaires thermiques.<\/p><\/div>\n<\/div>\n<\/div>\n<\/div><\/div>\n\n\n\n<div class=\"wp-block-uagb-container uagb-block-03c421a9 alignfull uagb-is-root-container\"><div class=\"uagb-container-inner-blocks-wrap\">\n<div class=\"wp-block-uagb-advanced-heading uagb-block-5a5421b0\"><h6 class=\"uagb-heading-text\">Acc\u00e9dez \u00e0<\/h6><\/div>\n\n\n\n<div class=\"wp-block-uagb-info-box uagb-block-ad44d917 uagb-infobox__content-wrap  uagb-infobox-icon-above-title uagb-infobox-image-valign-top\"><div class=\"uagb-ifb-content\"><div class=\"uagb-ifb-title-wrap\"><h2 class=\"uagb-ifb-title\">Nos Services de Chauffage Premium d\u00e8s Aujourd&rsquo;hui<\/h2><\/div><div class=\"uagb-ifb-button-wrapper wp-block-button\"><a href=\"\/contact\/\" class=\"uagb-infobox-cta-link wp-block-button__link\" target=\"_self\" rel=\"noopener noreferrer\" onclick=\"return true;\" alt=\"\"><span class=\"uagb-inline-editing\">D\u00e9couvrez plus<\/span><\/a><\/div><\/div><\/div>\n<\/div><\/div>\n\n\n\n<div class=\"wp-block-uagb-container uagb-block-1ccc090b alignfull uagb-is-root-container\"><div class=\"uagb-container-inner-blocks-wrap\">\n<div class=\"wp-block-uagb-container uagb-block-ed7d9405\">\n<div class=\"wp-block-uagb-container uagb-block-b81f27a5\">\n<div class=\"wp-block-uagb-advanced-heading uagb-block-a17db4e0\"><h6 class=\"uagb-heading-text\">Pourquoi nous choisir<\/h6><\/div>\n\n\n\n<div class=\"wp-block-uagb-advanced-heading uagb-block-3107a67a\"><h2 class=\"uagb-heading-text\">Notre Proposition de Valeur Unique<\/h2><p class=\"uagb-desc-text\">D\u00e9couvrez pourquoi Chauffage Moreau est votre meilleur choix pour des solutions de chauffage de qualit\u00e9.<\/p><\/div>\n<\/div>\n\n\n\n<div class=\"wp-block-uagb-container uagb-block-bc3457b4\">\n<div class=\"wp-block-uagb-advanced-heading uagb-block-133cb30a\"><h4 class=\"uagb-heading-text\">Confort Personnalis\u00e9<\/h4><p class=\"uagb-desc-text\">Nous offrons des services de chauffage personnalis\u00e9s qui r\u00e9pondent aux besoins uniques de chaque client.<\/p><\/div>\n\n\n\n<div class=\"wp-block-uagb-advanced-heading uagb-block-25eda0e9\"><div class=\"uagb-separator\"><\/div><h4 class=\"uagb-heading-text\">Qualit\u00e9 Garantie<\/h4><p class=\"uagb-desc-text\">Notre engagement envers la qualit\u00e9 se refl\u00e8te dans chaque installation et service que nous fournissons.<\/p><\/div>\n\n\n\n<div class=\"wp-block-uagb-advanced-heading uagb-block-25942a53\"><div class=\"uagb-separator\"><\/div><h4 class=\"uagb-heading-text\">Service Client Exceptionnel<\/h4><p class=\"uagb-desc-text\">L&rsquo;\u00e9quipe de Chauffage Moreau offre un service client attentif et d\u00e9vou\u00e9 \u00e0 chaque \u00e9tape de votre exp\u00e9rience.<\/p><\/div>\n<\/div>\n<\/div>\n<\/div><\/div>\n\n\n\n<div class=\"wp-block-uagb-container uagb-block-ce5ee59e alignfull uagb-is-root-container\"><div class=\"uagb-container-inner-blocks-wrap\">\n<div class=\"wp-block-uagb-advanced-heading uagb-block-f9bf445f\"><h2 class=\"uagb-heading-text\">T\u00e9moignages de Clients Satisfaits<\/h2><\/div>\n\n\n\n<div class=\"wp-block-uagb-container uagb-block-9f4e8186\">\n<div class=\"wp-block-uagb-container uagb-block-7d858c51\">\n<div class=\"wp-block-uagb-info-box uagb-block-ae694580 uagb-infobox__content-wrap  uagb-infobox-icon-above-title uagb-infobox-image-valign-top\"><div class=\"uagb-ifb-content\"><div class=\"uagb-ifb-icon-wrap\"><svg xmlns=\"https:\/\/www.w3.org\/2000\/svg\" viewBox=\"0 0 448 512\"><path d=\"M96 224C84.72 224 74.05 226.3 64 229.9V224c0-35.3 28.7-64 64-64c17.67 0 32-14.33 32-32S145.7 96 128 96C57.42 96 0 153.4 0 224v96c0 53.02 42.98 96 96 96s96-42.98 96-96S149 224 96 224zM352 224c-11.28 0-21.95 2.305-32 5.879V224c0-35.3 28.7-64 64-64c17.67 0 32-14.33 32-32s-14.33-32-32-32c-70.58 0-128 57.42-128 128v96c0 53.02 42.98 96 96 96s96-42.98 96-96S405 224 352 224z\"><\/path><\/svg><\/div><div class=\"uagb-ifb-title-wrap\"><\/div><p class=\"uagb-ifb-desc\">J&rsquo;ai \u00e9t\u00e9 extr\u00eamement satisfait du service professionnel et chaleureux fourni par Chauffage Moreau. Hautement recommand\u00e9.<\/p><\/div><\/div>\n\n\n\n<div class=\"wp-block-uagb-info-box uagb-block-c836f750 uagb-infobox__content-wrap  uagb-infobox-icon-above-title uagb-infobox-image-valign-top\"><div class=\"uagb-ifb-content\"><div class=\"uagb-ifb-title-wrap\"><\/div><p class=\"uagb-ifb-desc\">&#8211; Jean-Luc Dubois<\/p><\/div><\/div>\n<\/div>\n\n\n\n<div class=\"wp-block-uagb-container uagb-block-0b88f01a\">\n<div class=\"wp-block-uagb-info-box uagb-block-8b6b8ea1 uagb-infobox__content-wrap  uagb-infobox-icon-above-title uagb-infobox-image-valign-top\"><div class=\"uagb-ifb-content\"><div class=\"uagb-ifb-icon-wrap\"><svg xmlns=\"https:\/\/www.w3.org\/2000\/svg\" viewBox=\"0 0 448 512\"><path d=\"M96 224C84.72 224 74.05 226.3 64 229.9V224c0-35.3 28.7-64 64-64c17.67 0 32-14.33 32-32S145.7 96 128 96C57.42 96 0 153.4 0 224v96c0 53.02 42.98 96 96 96s96-42.98 96-96S149 224 96 224zM352 224c-11.28 0-21.95 2.305-32 5.879V224c0-35.3 28.7-64 64-64c17.67 0 32-14.33 32-32s-14.33-32-32-32c-70.58 0-128 57.42-128 128v96c0 53.02 42.98 96 96 96s96-42.98 96-96S405 224 352 224z\"><\/path><\/svg><\/div><div class=\"uagb-ifb-title-wrap\"><\/div><p class=\"uagb-ifb-desc\">Je suis ravie de mon nouveau syst\u00e8me de chauffage par le sol install\u00e9 par Chauffage Moreau. Un excellent travail!<\/p><\/div><\/div>\n\n\n\n<div class=\"wp-block-uagb-info-box uagb-block-9b106f6a uagb-infobox__content-wrap  uagb-infobox-icon-above-title uagb-infobox-image-valign-top\"><div class=\"uagb-ifb-content\"><div class=\"uagb-ifb-title-wrap\"><\/div><p class=\"uagb-ifb-desc\">&#8211; Sophie Leroy<\/p><\/div><\/div>\n<\/div>\n\n\n\n<div class=\"wp-block-uagb-container uagb-block-82c76d16\">\n<div class=\"wp-block-uagb-info-box uagb-block-72162d9b uagb-infobox__content-wrap  uagb-infobox-icon-above-title uagb-infobox-image-valign-top\"><div class=\"uagb-ifb-content\"><div class=\"uagb-ifb-icon-wrap\"><svg xmlns=\"https:\/\/www.w3.org\/2000\/svg\" viewBox=\"0 0 448 512\"><path d=\"M96 224C84.72 224 74.05 226.3 64 229.9V224c0-35.3 28.7-64 64-64c17.67 0 32-14.33 32-32S145.7 96 128 96C57.42 96 0 153.4 0 224v96c0 53.02 42.98 96 96 96s96-42.98 96-96S149 224 96 224zM352 224c-11.28 0-21.95 2.305-32 5.879V224c0-35.3 28.7-64 64-64c17.67 0 32-14.33 32-32s-14.33-32-32-32c-70.58 0-128 57.42-128 128v96c0 53.02 42.98 96 96 96s96-42.98 96-96S405 224 352 224z\"><\/path><\/svg><\/div><div class=\"uagb-ifb-title-wrap\"><\/div><p class=\"uagb-ifb-desc\">Chauffage Moreau a surpass\u00e9 toutes mes attentes en mati\u00e8re de qualit\u00e9 et de service. Merci pour tout!<\/p><\/div><\/div>\n\n\n\n<div class=\"wp-block-uagb-info-box uagb-block-1109a9f7 uagb-infobox__content-wrap  uagb-infobox-icon-above-title uagb-infobox-image-valign-top\"><div class=\"uagb-ifb-content\"><div class=\"uagb-ifb-title-wrap\"><\/div><p class=\"uagb-ifb-desc\">&#8211; Marie Dupont<\/p><\/div><\/div>\n<\/div>\n<\/div>\n<\/div><\/div>\n\n\n\n<div class=\"wp-block-uagb-container uagb-block-0d6e6fa5 alignfull uagb-is-root-container\"><div class=\"uagb-container-inner-blocks-wrap\">\n<div class=\"wp-block-uagb-advanced-heading uagb-block-b6d5ed16\"><h6 class=\"uagb-heading-text\">Pour plus d&rsquo;informations,<\/h6><\/div>\n\n\n\n<div class=\"wp-block-uagb-info-box uagb-block-a3aa2356 uagb-infobox__content-wrap  uagb-infobox-icon-above-title uagb-infobox-image-valign-top\"><div class=\"uagb-ifb-content\"><div class=\"uagb-ifb-title-wrap\"><h2 class=\"uagb-ifb-title\">Contactez-nous d\u00e8s aujourd&rsquo;hui pour des Solutions de Chauffage Premium<\/h2><\/div><div class=\"uagb-ifb-button-wrapper wp-block-button\"><a href=\"\/contact\/\" class=\"uagb-infobox-cta-link wp-block-button__link\" target=\"_self\" rel=\"noopener noreferrer\" onclick=\"return true;\" alt=\"\"><span class=\"uagb-inline-editing\">D\u00e9couvrez plus<\/span><\/a><\/div><\/div><\/div>\n<\/div><\/div>\n","protected":false},"excerpt":{"rendered":"<p>Bienvenue \u00c0 propos de nous Nos valeurs Nos Valeurs Fondamentales 01 Qualit\u00e9 Nous nous engageons \u00e0 fournir des services de chauffage haut de gamme, veillant toujours au confort de nos clients. 02 Professionnalisme Nos professionnels exp\u00e9riment\u00e9s assurent des installations et des services de chauffage de la plus haute qualit\u00e9. 03 Innovation Nous proposons des solutions [&hellip;]<\/p>\n","protected":false},"author":5,"featured_media":0,"parent":0,"menu_order":0,"comment_status":"closed","ping_status":"closed","template":"","meta":{"_uag_custom_page_level_css":"","site-sidebar-layout":"no-sidebar","site-content-layout":"page-builder","ast-site-content-layout":"full-width-container","site-content-style":"unboxed","site-sidebar-style":"unboxed","ast-global-header-display":"","ast-banner-title-visibility":"","ast-main-header-display":"","ast-hfb-above-header-display":"","ast-hfb-below-header-display":"","ast-hfb-mobile-header-display":"","site-post-title":"disabled","ast-breadcrumbs-content":"","ast-featured-img":"","footer-sml-layout":"","ast-disable-related-posts":"","theme-transparent-header-meta":"enabled","adv-header-id-meta":"","stick-header-meta":"","header-above-stick-meta":"","header-main-stick-meta":"","header-below-stick-meta":"","astra-migrate-meta-layouts":"set","ast-page-background-enabled":"default","ast-page-background-meta":{"desktop":{"background-color":"var(--ast-global-color-4)","background-image":"","background-repeat":"repeat","background-position":"center center","background-size":"auto","background-attachment":"scroll","background-type":"","background-media":"","overlay-type":"","overlay-color":"","overlay-opacity":"","overlay-gradient":""},"tablet":{"background-color":"","background-image":"","background-repeat":"repeat","background-position":"center center","background-size":"auto","background-attachment":"scroll","background-type":"","background-media":"","overlay-type":"","overlay-color":"","overlay-opacity":"","overlay-gradient":""},"mobile":{"background-color":"","background-image":"","background-repeat":"repeat","background-position":"center center","background-size":"auto","background-attachment":"scroll","background-type":"","background-media":"","overlay-type":"","overlay-color":"","overlay-opacity":"","overlay-gradient":""}},"ast-content-background-meta":{"desktop":{"background-color":"var(--ast-global-color-5)","background-image":"","background-repeat":"repeat","background-position":"center center","background-size":"auto","background-attachment":"scroll","background-type":"","background-media":"","overlay-type":"","overlay-color":"","overlay-opacity":"","overlay-gradient":""},"tablet":{"background-color":"var(--ast-global-color-5)","background-image":"","background-repeat":"repeat","background-position":"center center","background-size":"auto","background-attachment":"scroll","background-type":"","background-media":"","overlay-type":"","overlay-color":"","overlay-opacity":"","overlay-gradient":""},"mobile":{"background-color":"var(--ast-global-color-5)","background-image":"","background-repeat":"repeat","background-position":"center center","background-size":"auto","background-attachment":"scroll","background-type":"","background-media":"","overlay-type":"","overlay-color":"","overlay-opacity":"","overlay-gradient":""}},"footnotes":""},"class_list":["post-32","page","type-page","status-publish","hentry"],"uagb_featured_image_src":{"full":false,"thumbnail":false,"medium":false,"medium_large":false,"large":false,"1536x1536":false,"2048x2048":false,"wppb-medium":false},"uagb_author_info":{"display_name":"Fam7bQVaIoBP","author_link":"https:\/\/chauffage-moreau.be\/home\/author\/fam7bqvaiobp\/"},"uagb_comment_info":0,"uagb_excerpt":"Bienvenue \u00c0 propos de nous Nos valeurs Nos Valeurs Fondamentales 01 Qualit\u00e9 Nous nous engageons \u00e0 fournir des services de chauffage haut de gamme, veillant toujours au confort de nos clients. 02 Professionnalisme Nos professionnels exp\u00e9riment\u00e9s assurent des installations et des services de chauffage de la plus haute qualit\u00e9. 03 Innovation Nous proposons des solutions&hellip;","_links":{"self":[{"href":"https:\/\/chauffage-moreau.be\/home\/wp-json\/wp\/v2\/pages\/32","targetHints":{"allow":["GET"]}}],"collection":[{"href":"https:\/\/chauffage-moreau.be\/home\/wp-json\/wp\/v2\/pages"}],"about":[{"href":"https:\/\/chauffage-moreau.be\/home\/wp-json\/wp\/v2\/types\/page"}],"author":[{"embeddable":true,"href":"https:\/\/chauffage-moreau.be\/home\/wp-json\/wp\/v2\/users\/5"}],"replies":[{"embeddable":true,"href":"https:\/\/chauffage-moreau.be\/home\/wp-json\/wp\/v2\/comments?post=32"}],"version-history":[{"count":4,"href":"https:\/\/chauffage-moreau.be\/home\/wp-json\/wp\/v2\/pages\/32\/revisions"}],"predecessor-version":[{"id":606,"href":"https:\/\/chauffage-moreau.be\/home\/wp-json\/wp\/v2\/pages\/32\/revisions\/606"}],"wp:attachment":[{"href":"https:\/\/chauffage-moreau.be\/home\/wp-json\/wp\/v2\/media?parent=32"}],"curies":[{"name":"wp","href":"https:\/\/api.w.org\/{rel}","templated":true}]}}