{"id":34,"date":"2023-07-11T09:14:49","date_gmt":"2023-07-11T09:14:49","guid":{"rendered":"https:\/\/huge-humayon-ae29g.zipwp.link\/?page_id=34"},"modified":"2024-02-24T12:39:51","modified_gmt":"2024-02-24T12:39:51","slug":"about","status":"publish","type":"page","link":"https:\/\/chauffage-moreau.be\/home\/about\/","title":{"rendered":"About"},"content":{"rendered":"\n<div class=\"wp-block-uagb-container uagb-block-c53a128d alignfull uagb-is-root-container\"><div class=\"uagb-container-inner-blocks-wrap\">\n<div class=\"wp-block-uagb-advanced-heading uagb-block-2e3356f0\"><h6 class=\"uagb-heading-text\">\u00c0 propos de nous<\/h6><\/div>\n\n\n\n<div class=\"wp-block-uagb-advanced-heading uagb-block-07ad1730\"><h1 class=\"uagb-heading-text\">\u00c0 propos de Chauffage Moreau<\/h1><\/div>\n<\/div><\/div>\n\n\n\n<div class=\"wp-block-uagb-container uagb-block-ceb3470e alignfull uagb-is-root-container\"><div class=\"uagb-container-inner-blocks-wrap\">\n<div class=\"wp-block-uagb-container uagb-block-6f6de066\">\n<div class=\"wp-block-uagb-container uagb-block-365025ce\">\n<div class=\"wp-block-uagb-advanced-heading uagb-block-dca15114\"><h6 class=\"uagb-heading-text\">Notre histoire<\/h6><\/div>\n\n\n\n<div class=\"wp-block-uagb-advanced-heading uagb-block-5918da1b\"><h3 class=\"uagb-heading-text\">\u00c0 Propos de Chauffage Moreau<\/h3><\/div>\n<\/div>\n\n\n\n<div class=\"wp-block-uagb-container uagb-block-88b3d618\">\n<div class=\"wp-block-uagb-advanced-heading uagb-block-3fbe9bdd\"><h5 class=\"uagb-heading-text\">Chauffage Moreau est une entreprise familiale sp\u00e9cialis\u00e9e dans les solutions de chauffage traditionnel et par le sol, les pompes \u00e0 chaleur, la climatisation, les panneaux solaires thermiques et les services de plomberie.<\/h5><p class=\"uagb-desc-text\">Chauffage Moreau sert une client\u00e8le vari\u00e9e, allant des particuliers aux entreprises, en proposant des solutions de chauffage haut de gamme et personnalis\u00e9es.<\/p><\/div>\n<\/div>\n<\/div>\n<\/div><\/div>\n\n\n\n<div class=\"wp-block-uagb-container uagb-block-e40412f9 alignfull uagb-is-root-container\"><div class=\"uagb-container-inner-blocks-wrap\">\n<div class=\"wp-block-uagb-advanced-heading uagb-block-c6b11d32\"><h6 class=\"uagb-heading-text\">Notre approche<\/h6><\/div>\n\n\n\n<div class=\"wp-block-uagb-advanced-heading uagb-block-4bef74f1\"><h2 class=\"uagb-heading-text\">Notre approche envers nos clients<\/h2><\/div>\n\n\n\n<div class=\"wp-block-uagb-container uagb-block-c3af8e7b\">\n<div class=\"wp-block-uagb-container uagb-block-1f437655\">\n<div class=\"wp-block-uagb-advanced-heading uagb-block-0c02a7b6\"><h4 class=\"uagb-heading-text\">Service personnalis\u00e9<\/h4><p class=\"uagb-desc-text\">Nous offrons un service personnalis\u00e9 en veillant \u00e0 ce que tous les besoins et pr\u00e9f\u00e9rences de nos clients soient pris en compte dans la mise en place de leurs syst\u00e8mes de chauffage.<\/p><\/div>\n<\/div>\n\n\n\n<div class=\"wp-block-uagb-container uagb-block-5b0fca3b\">\n<div class=\"wp-block-uagb-advanced-heading uagb-block-2d293cdd\"><h4 class=\"uagb-heading-text\">Qualit\u00e9 garantie<\/h4><p class=\"uagb-desc-text\">La qualit\u00e9 est au c\u0153ur de notre approche, en nous assurant que chaque installation ou r\u00e9novation soit effectu\u00e9e avec les meilleurs standards de l&rsquo;industrie.<\/p><\/div>\n<\/div>\n<\/div>\n<\/div><\/div>\n\n\n\n<div class=\"wp-block-uagb-container uagb-block-0d6e6fa5 alignfull uagb-is-root-container\"><div class=\"uagb-container-inner-blocks-wrap\">\n<div class=\"wp-block-uagb-advanced-heading uagb-block-b6d5ed16\"><h6 class=\"uagb-heading-text\">Pour plus d&rsquo;informations,<\/h6><\/div>\n\n\n\n<div class=\"wp-block-uagb-info-box uagb-block-a3aa2356 uagb-infobox__content-wrap  uagb-infobox-icon-above-title uagb-infobox-image-valign-top\"><div class=\"uagb-ifb-content\"><div class=\"uagb-ifb-title-wrap\"><h2 class=\"uagb-ifb-title\">Contactez-nous d\u00e8s aujourd&rsquo;hui pour des Solutions de Chauffage Premium<\/h2><\/div><div class=\"uagb-ifb-button-wrapper wp-block-button\"><a href=\"\/contact\/\" class=\"uagb-infobox-cta-link wp-block-button__link\" target=\"_self\" rel=\"noopener noreferrer\" onclick=\"return true;\" alt=\"\"><span class=\"uagb-inline-editing\">D\u00e9couvrez plus<\/span><\/a><\/div><\/div><\/div>\n<\/div><\/div>\n","protected":false},"excerpt":{"rendered":"<p>\u00c0 propos de nous \u00c0 propos de Chauffage Moreau Notre histoire \u00c0 Propos de Chauffage Moreau Chauffage Moreau est une entreprise familiale sp\u00e9cialis\u00e9e dans les solutions de chauffage traditionnel et par le sol, les pompes \u00e0 chaleur, la climatisation, les panneaux solaires thermiques et les services de plomberie. Chauffage Moreau sert une client\u00e8le vari\u00e9e, allant [&hellip;]<\/p>\n","protected":false},"author":5,"featured_media":0,"parent":0,"menu_order":0,"comment_status":"closed","ping_status":"closed","template":"","meta":{"_uag_custom_page_level_css":"","site-sidebar-layout":"no-sidebar","site-content-layout":"page-builder","ast-site-content-layout":"full-width-container","site-content-style":"unboxed","site-sidebar-style":"unboxed","ast-global-header-display":"","ast-banner-title-visibility":"","ast-main-header-display":"","ast-hfb-above-header-display":"","ast-hfb-below-header-display":"","ast-hfb-mobile-header-display":"","site-post-title":"disabled","ast-breadcrumbs-content":"","ast-featured-img":"","footer-sml-layout":"","ast-disable-related-posts":"","theme-transparent-header-meta":"enabled","adv-header-id-meta":"","stick-header-meta":"","header-above-stick-meta":"","header-main-stick-meta":"","header-below-stick-meta":"","astra-migrate-meta-layouts":"set","ast-page-background-enabled":"default","ast-page-background-meta":{"desktop":{"background-color":"var(--ast-global-color-4)","background-image":"","background-repeat":"repeat","background-position":"center center","background-size":"auto","background-attachment":"scroll","background-type":"","background-media":"","overlay-type":"","overlay-color":"","overlay-opacity":"","overlay-gradient":""},"tablet":{"background-color":"","background-image":"","background-repeat":"repeat","background-position":"center center","background-size":"auto","background-attachment":"scroll","background-type":"","background-media":"","overlay-type":"","overlay-color":"","overlay-opacity":"","overlay-gradient":""},"mobile":{"background-color":"","background-image":"","background-repeat":"repeat","background-position":"center center","background-size":"auto","background-attachment":"scroll","background-type":"","background-media":"","overlay-type":"","overlay-color":"","overlay-opacity":"","overlay-gradient":""}},"ast-content-background-meta":{"desktop":{"background-color":"var(--ast-global-color-5)","background-image":"","background-repeat":"repeat","background-position":"center center","background-size":"auto","background-attachment":"scroll","background-type":"","background-media":"","overlay-type":"","overlay-color":"","overlay-opacity":"","overlay-gradient":""},"tablet":{"background-color":"var(--ast-global-color-5)","background-image":"","background-repeat":"repeat","background-position":"center center","background-size":"auto","background-attachment":"scroll","background-type":"","background-media":"","overlay-type":"","overlay-color":"","overlay-opacity":"","overlay-gradient":""},"mobile":{"background-color":"var(--ast-global-color-5)","background-image":"","background-repeat":"repeat","background-position":"center center","background-size":"auto","background-attachment":"scroll","background-type":"","background-media":"","overlay-type":"","overlay-color":"","overlay-opacity":"","overlay-gradient":""}},"footnotes":""},"class_list":["post-34","page","type-page","status-publish","hentry"],"uagb_featured_image_src":{"full":false,"thumbnail":false,"medium":false,"medium_large":false,"large":false,"1536x1536":false,"2048x2048":false,"wppb-medium":false},"uagb_author_info":{"display_name":"Fam7bQVaIoBP","author_link":"https:\/\/chauffage-moreau.be\/home\/author\/fam7bqvaiobp\/"},"uagb_comment_info":0,"uagb_excerpt":"\u00c0 propos de nous \u00c0 propos de Chauffage Moreau Notre histoire \u00c0 Propos de Chauffage Moreau Chauffage Moreau est une entreprise familiale sp\u00e9cialis\u00e9e dans les solutions de chauffage traditionnel et par le sol, les pompes \u00e0 chaleur, la climatisation, les panneaux solaires thermiques et les services de plomberie. Chauffage Moreau sert une client\u00e8le vari\u00e9e, allant&hellip;","_links":{"self":[{"href":"https:\/\/chauffage-moreau.be\/home\/wp-json\/wp\/v2\/pages\/34","targetHints":{"allow":["GET"]}}],"collection":[{"href":"https:\/\/chauffage-moreau.be\/home\/wp-json\/wp\/v2\/pages"}],"about":[{"href":"https:\/\/chauffage-moreau.be\/home\/wp-json\/wp\/v2\/types\/page"}],"author":[{"embeddable":true,"href":"https:\/\/chauffage-moreau.be\/home\/wp-json\/wp\/v2\/users\/5"}],"replies":[{"embeddable":true,"href":"https:\/\/chauffage-moreau.be\/home\/wp-json\/wp\/v2\/comments?post=34"}],"version-history":[{"count":1,"href":"https:\/\/chauffage-moreau.be\/home\/wp-json\/wp\/v2\/pages\/34\/revisions"}],"predecessor-version":[{"id":584,"href":"https:\/\/chauffage-moreau.be\/home\/wp-json\/wp\/v2\/pages\/34\/revisions\/584"}],"wp:attachment":[{"href":"https:\/\/chauffage-moreau.be\/home\/wp-json\/wp\/v2\/media?parent=34"}],"curies":[{"name":"wp","href":"https:\/\/api.w.org\/{rel}","templated":true}]}}