{"id":36,"date":"2023-07-11T09:14:49","date_gmt":"2023-07-11T09:14:49","guid":{"rendered":"https:\/\/huge-humayon-ae29g.zipwp.link\/?page_id=36"},"modified":"2024-09-13T14:09:19","modified_gmt":"2024-09-13T14:09:19","slug":"contact","status":"publish","type":"page","link":"https:\/\/chauffage-moreau.be\/home\/contact\/","title":{"rendered":"Contact"},"content":{"rendered":"\n<div class=\"wp-block-uagb-container uagb-block-83619173 alignfull uagb-is-root-container\"><div class=\"uagb-container-inner-blocks-wrap\">\n<div class=\"wp-block-uagb-advanced-heading uagb-block-e4f8a279\"><h6 class=\"uagb-heading-text\">Contact<\/h6><\/div>\n\n\n\n<div class=\"wp-block-uagb-advanced-heading uagb-block-14d2bc10\"><h1 class=\"uagb-heading-text\">Nous Contacter Directement<\/h1><\/div>\n<\/div><\/div>\n\n\n\n<div class=\"wp-block-uagb-container uagb-block-c97fe07f alignfull uagb-is-root-container\"><div class=\"uagb-container-inner-blocks-wrap\">\n<div class=\"wp-block-uagb-container uagb-block-740edd2b\">\n<div class=\"wp-block-uagb-advanced-heading uagb-block-7d46a970\"><h2 class=\"uagb-heading-text\">Coordonn\u00e9es de Contact<\/h2><p class=\"uagb-desc-text\">N&rsquo;h\u00e9sitez pas \u00e0 nous contacter pour toute question ou demande de service<\/p><\/div>\n\n\n\n<div class=\"wp-block-uagb-icon-list uagb-block-baa2983d\"><div class=\"uagb-icon-list__wrap\">\n<div class=\"wp-block-uagb-icon-list-child uagb-block-674170a0\"><span class=\"uagb-icon-list__label\">A: Chauss\u00e9e de Tongres, 138n4540  Amay<\/span><\/div>\n\n\n\n<div class=\"wp-block-uagb-icon-list-child uagb-block-891debea\"><span class=\"uagb-icon-list__label\">P: 085314438<\/span><\/div>\n\n\n\n<div class=\"wp-block-uagb-icon-list-child uagb-block-716c9289\"><span class=\"uagb-icon-list__label\">E: info@chauffage-moreau.be<\/span><\/div>\n<\/div><\/div>\n<\/div>\n\n\n\n<div class=\"wp-block-uagb-container uagb-block-2c06996f\">\n<div class=\"wp-block-uagb-advanced-heading uagb-block-41f6ceac\"><h6 class=\"uagb-heading-text\">Dites bonjour !<\/h6><\/div>\n\n\n\n<div class=\"wp-block-uagb-advanced-heading uagb-block-97aeac3b\"><h3 class=\"uagb-heading-text\">Formulaire de Contact et Demande de Rendez-vous<\/h3><\/div>\n\n\n\n<div class=\"wp-block-uagb-forms uagb-forms__outer-wrap uagb-block-3b05e995 uagb-forms__default-btn\"><form class=\"uagb-forms-main-form\" method=\"post\" autocomplete=\"on\" name=\"uagb-form-3b05e995\">\n<div class=\"wp-block-uagb-forms-name uagb-forms-name-wrap uagb-forms-field-set uagb-block-64a9edac\"><div class=\"uagb-forms-name-label  uagb-forms-input-label\" id=\"64a9edac\">Name<\/div><input type=\"text\" placeholder=\"Votre nom\" class=\"uagb-forms-name-input uagb-forms-input\" name=\"64a9edac\" autocomplete=\"name\"\/><\/div>\n\n\n\n<div class=\"wp-block-uagb-forms-email uagb-forms-email-wrap uagb-forms-field-set uagb-block-e8a8bb27\"><div class=\"uagb-forms-email-label  uagb-forms-input-label\" id=\"e8a8bb27\">Email<\/div><input type=\"email\" class=\"uagb-forms-email-input uagb-forms-input\" placeholder=\"Votre e-mail\" name=\"e8a8bb27\" autocomplete=\"email\"\/><\/div>\n\n\n\n<div class=\"wp-block-uagb-forms-textarea uagb-forms-textarea-wrap uagb-forms-field-set uagb-block-9613be51\"><div class=\"uagb-forms-textarea-label required uagb-forms-input-label\" id=\"9613be51\">Message<\/div><textarea required class=\"uagb-forms-textarea-input uagb-forms-input\" rows=\"4\" placeholder=\"Votre message\" name=\"9613be51\" autocomplete=\"off\"><\/textarea><\/div>\n<div class=\"uagb-forms-form-hidden-data\"><input type=\"hidden\" class=\"uagb_forms_form_label\" value=\"Spectra Form\"\/><input type=\"hidden\" class=\"uagb_forms_form_id\" value=\"uagb-form-3b05e995\"\/><\/div><div class=\"uagb-form-reacaptcha-error-3b05e995\"><\/div><div class=\"uagb-forms-main-submit-button-wrap wp-block-button\"><button class=\"uagb-forms-main-submit-button wp-block-button__link\"><div class=\"uagb-forms-main-submit-button-text\">Envoyer<\/div><\/button><\/div><\/form><div class=\"uagb-forms-success-message-3b05e995 uagb-forms-submit-message-hide\"><span>The form has been submitted successfully!<\/span><\/div><div class=\"uagb-forms-failed-message-3b05e995 uagb-forms-submit-message-hide\"><span>There has been some error while submitting the form. Please verify all form fields again.<\/span><\/div><\/div>\n<\/div>\n<\/div><\/div>\n\n\n\n<div class=\"wp-block-uagb-container uagb-block-0d6e6fa5 alignfull uagb-is-root-container\"><div class=\"uagb-container-inner-blocks-wrap\">\n<div class=\"wp-block-uagb-advanced-heading uagb-block-b6d5ed16\"><h6 class=\"uagb-heading-text\">Pour plus d&rsquo;informations,<\/h6><\/div>\n\n\n\n<div class=\"wp-block-uagb-info-box uagb-block-a3aa2356 uagb-infobox__content-wrap  uagb-infobox-icon-above-title uagb-infobox-image-valign-top\"><div class=\"uagb-ifb-content\"><div class=\"uagb-ifb-title-wrap\"><h2 class=\"uagb-ifb-title\">Contactez-nous d\u00e8s aujourd&rsquo;hui pour des Solutions de Chauffage Premium<\/h2><\/div><div class=\"uagb-ifb-button-wrapper wp-block-button\"><a href=\"\/contact\/\" class=\"uagb-infobox-cta-link wp-block-button__link\" target=\"_self\" rel=\"noopener noreferrer\" onclick=\"return true;\" alt=\"\"><span class=\"uagb-inline-editing\">D\u00e9couvrez plus<\/span><\/a><\/div><\/div><\/div>\n<\/div><\/div>\n","protected":false},"excerpt":{"rendered":"<p>Contact Nous Contacter Directement Coordonn\u00e9es de Contact N&rsquo;h\u00e9sitez pas \u00e0 nous contacter pour toute question ou demande de service Dites bonjour ! Formulaire de Contact et Demande de Rendez-vous<\/p>\n","protected":false},"author":5,"featured_media":0,"parent":0,"menu_order":0,"comment_status":"closed","ping_status":"closed","template":"","meta":{"_uag_custom_page_level_css":"","site-sidebar-layout":"no-sidebar","site-content-layout":"page-builder","ast-site-content-layout":"full-width-container","site-content-style":"unboxed","site-sidebar-style":"unboxed","ast-global-header-display":"","ast-banner-title-visibility":"","ast-main-header-display":"","ast-hfb-above-header-display":"","ast-hfb-below-header-display":"","ast-hfb-mobile-header-display":"","site-post-title":"disabled","ast-breadcrumbs-content":"","ast-featured-img":"","footer-sml-layout":"","ast-disable-related-posts":"","theme-transparent-header-meta":"enabled","adv-header-id-meta":"","stick-header-meta":"","header-above-stick-meta":"","header-main-stick-meta":"","header-below-stick-meta":"","astra-migrate-meta-layouts":"set","ast-page-background-enabled":"default","ast-page-background-meta":{"desktop":{"background-color":"var(--ast-global-color-4)","background-image":"","background-repeat":"repeat","background-position":"center center","background-size":"auto","background-attachment":"scroll","background-type":"","background-media":"","overlay-type":"","overlay-color":"","overlay-opacity":"","overlay-gradient":""},"tablet":{"background-color":"","background-image":"","background-repeat":"repeat","background-position":"center center","background-size":"auto","background-attachment":"scroll","background-type":"","background-media":"","overlay-type":"","overlay-color":"","overlay-opacity":"","overlay-gradient":""},"mobile":{"background-color":"","background-image":"","background-repeat":"repeat","background-position":"center center","background-size":"auto","background-attachment":"scroll","background-type":"","background-media":"","overlay-type":"","overlay-color":"","overlay-opacity":"","overlay-gradient":""}},"ast-content-background-meta":{"desktop":{"background-color":"var(--ast-global-color-5)","background-image":"","background-repeat":"repeat","background-position":"center center","background-size":"auto","background-attachment":"scroll","background-type":"","background-media":"","overlay-type":"","overlay-color":"","overlay-opacity":"","overlay-gradient":""},"tablet":{"background-color":"var(--ast-global-color-5)","background-image":"","background-repeat":"repeat","background-position":"center center","background-size":"auto","background-attachment":"scroll","background-type":"","background-media":"","overlay-type":"","overlay-color":"","overlay-opacity":"","overlay-gradient":""},"mobile":{"background-color":"var(--ast-global-color-5)","background-image":"","background-repeat":"repeat","background-position":"center center","background-size":"auto","background-attachment":"scroll","background-type":"","background-media":"","overlay-type":"","overlay-color":"","overlay-opacity":"","overlay-gradient":""}},"footnotes":""},"class_list":["post-36","page","type-page","status-publish","hentry"],"uagb_featured_image_src":{"full":false,"thumbnail":false,"medium":false,"medium_large":false,"large":false,"1536x1536":false,"2048x2048":false,"wppb-medium":false},"uagb_author_info":{"display_name":"Fam7bQVaIoBP","author_link":"https:\/\/chauffage-moreau.be\/home\/author\/fam7bqvaiobp\/"},"uagb_comment_info":0,"uagb_excerpt":"Contact Nous Contacter Directement Coordonn\u00e9es de Contact N&rsquo;h\u00e9sitez pas \u00e0 nous contacter pour toute question ou demande de service Dites bonjour ! Formulaire de Contact et Demande de Rendez-vous","_links":{"self":[{"href":"https:\/\/chauffage-moreau.be\/home\/wp-json\/wp\/v2\/pages\/36","targetHints":{"allow":["GET"]}}],"collection":[{"href":"https:\/\/chauffage-moreau.be\/home\/wp-json\/wp\/v2\/pages"}],"about":[{"href":"https:\/\/chauffage-moreau.be\/home\/wp-json\/wp\/v2\/types\/page"}],"author":[{"embeddable":true,"href":"https:\/\/chauffage-moreau.be\/home\/wp-json\/wp\/v2\/users\/5"}],"replies":[{"embeddable":true,"href":"https:\/\/chauffage-moreau.be\/home\/wp-json\/wp\/v2\/comments?post=36"}],"version-history":[{"count":5,"href":"https:\/\/chauffage-moreau.be\/home\/wp-json\/wp\/v2\/pages\/36\/revisions"}],"predecessor-version":[{"id":639,"href":"https:\/\/chauffage-moreau.be\/home\/wp-json\/wp\/v2\/pages\/36\/revisions\/639"}],"wp:attachment":[{"href":"https:\/\/chauffage-moreau.be\/home\/wp-json\/wp\/v2\/media?parent=36"}],"curies":[{"name":"wp","href":"https:\/\/api.w.org\/{rel}","templated":true}]}}